{"id":127,"date":"2019-08-28T21:39:35","date_gmt":"2019-08-28T19:39:35","guid":{"rendered":"https:\/\/101.dfja.eu\/101-ideen\/"},"modified":"2019-09-08T12:44:53","modified_gmt":"2019-09-08T10:44:53","slug":"101-idees","status":"publish","type":"page","link":"https:\/\/101.dfja.eu\/fr\/","title":{"rendered":"101 Id\u00e9es"},"content":{"rendered":"<div id=\"cs-content\" class=\"cs-content\"><\/div>\n","protected":false},"excerpt":{"rendered":"<p>Allgemein, Non classifi\u00e9(e), Facultatif01 | On y va, mamie, papi !Felix Lennart HakeAllgemein, Non classifi\u00e9(e), Facultatif02 | La BoumFelix Lennart HakeAllgemein, Non classifi\u00e9(e), Facultatif03 | Quelle com\u00e9die !Felix Lennart HakeAllgemein, Non classifi\u00e9(e), Facultatif04 | Faisons du th\u00e2tre !Felix Lennart HakeAllgemein, Non classifi\u00e9(e), Facultatif05 | Alors, on danse !Felix Lennart HakeAllgemein, Non classifi\u00e9(e), Facultatif06 | Formons des tandemsFelix Lennart HakeAllgemein, Non &#8230;<\/p>\n","protected":false},"author":1,"featured_media":0,"parent":0,"menu_order":0,"comment_status":"closed","ping_status":"closed","template":"template-blank-4.php","meta":{"_acf_changed":false,"footnotes":""},"class_list":["post-127","page","type-page","status-publish","hentry","no-post-thumbnail"],"acf":[],"_links":{"self":[{"href":"https:\/\/101.dfja.eu\/fr\/wp-json\/wp\/v2\/pages\/127","targetHints":{"allow":["GET"]}}],"collection":[{"href":"https:\/\/101.dfja.eu\/fr\/wp-json\/wp\/v2\/pages"}],"about":[{"href":"https:\/\/101.dfja.eu\/fr\/wp-json\/wp\/v2\/types\/page"}],"author":[{"embeddable":true,"href":"https:\/\/101.dfja.eu\/fr\/wp-json\/wp\/v2\/users\/1"}],"replies":[{"embeddable":true,"href":"https:\/\/101.dfja.eu\/fr\/wp-json\/wp\/v2\/comments?post=127"}],"version-history":[{"count":2,"href":"https:\/\/101.dfja.eu\/fr\/wp-json\/wp\/v2\/pages\/127\/revisions"}],"predecessor-version":[{"id":129,"href":"https:\/\/101.dfja.eu\/fr\/wp-json\/wp\/v2\/pages\/127\/revisions\/129"}],"wp:attachment":[{"href":"https:\/\/101.dfja.eu\/fr\/wp-json\/wp\/v2\/media?parent=127"}],"curies":[{"name":"wp","href":"https:\/\/api.w.org\/{rel}","templated":true}]}}