{"id":133,"date":"2019-09-07T22:42:25","date_gmt":"2019-09-07T20:42:25","guid":{"rendered":"https:\/\/101.dfja.eu\/datenschutz\/"},"modified":"2021-12-10T23:53:40","modified_gmt":"2021-12-10T22:53:40","slug":"protection-des-donnees","status":"publish","type":"page","link":"https:\/\/101.dfja.eu\/fr\/protection-des-donnees\/","title":{"rendered":"Protection des donn\u00e9es"},"content":{"rendered":"<div id=\"cs-content\" class=\"cs-content\"><\/div>\n","protected":false},"excerpt":{"rendered":"<p>Protection des donn&eacute;s 1. La protection des donn\u00e9es \u00e0 un coup d\u2019oeil Informations g\u00e9n\u00e9rales Les notes suivantes donnent un aper\u00e7u simple de ce qui arrive \u00e0 vos informations personnelles lorsque vous visitez notre site Web. Les donn\u00e9es personnelles sont toutes les donn\u00e9es qui vous identifient personnellement. Des informations d\u00e9taill\u00e9es sur le sujet de la protection des donn\u00e9es peuvent \u00eatre trouv\u00e9es &#8230;<\/p>\n","protected":false},"author":1,"featured_media":0,"parent":0,"menu_order":0,"comment_status":"closed","ping_status":"closed","template":"template-blank-1.php","meta":{"_acf_changed":false,"footnotes":""},"class_list":["post-133","page","type-page","status-publish","hentry","no-post-thumbnail"],"acf":[],"_links":{"self":[{"href":"https:\/\/101.dfja.eu\/fr\/wp-json\/wp\/v2\/pages\/133","targetHints":{"allow":["GET"]}}],"collection":[{"href":"https:\/\/101.dfja.eu\/fr\/wp-json\/wp\/v2\/pages"}],"about":[{"href":"https:\/\/101.dfja.eu\/fr\/wp-json\/wp\/v2\/types\/page"}],"author":[{"embeddable":true,"href":"https:\/\/101.dfja.eu\/fr\/wp-json\/wp\/v2\/users\/1"}],"replies":[{"embeddable":true,"href":"https:\/\/101.dfja.eu\/fr\/wp-json\/wp\/v2\/comments?post=133"}],"version-history":[{"count":3,"href":"https:\/\/101.dfja.eu\/fr\/wp-json\/wp\/v2\/pages\/133\/revisions"}],"predecessor-version":[{"id":1544,"href":"https:\/\/101.dfja.eu\/fr\/wp-json\/wp\/v2\/pages\/133\/revisions\/1544"}],"wp:attachment":[{"href":"https:\/\/101.dfja.eu\/fr\/wp-json\/wp\/v2\/media?parent=133"}],"curies":[{"name":"wp","href":"https:\/\/api.w.org\/{rel}","templated":true}]}}